{"id":620,"date":"2023-05-24T10:59:32","date_gmt":"2023-05-24T10:59:32","guid":{"rendered":"https:\/\/www.stow-wtz.pl\/?page_id=620"},"modified":"2024-01-26T00:52:45","modified_gmt":"2024-01-26T00:52:45","slug":"aktualnosci","status":"publish","type":"page","link":"https:\/\/www.stow-wtz.pl\/","title":{"rendered":"Aktualno\u015bci"},"content":{"rendered":"\n<div class=\"wp-block-columns is-layout-flex wp-container-core-columns-is-layout-28f84493 wp-block-columns-is-layout-flex\">\n<div class=\"wp-block-column is-layout-flow wp-block-column-is-layout-flow\" style=\"flex-basis:50%\">\n<p class=\"has-large-font-size\"><strong>Po aktualne wydarzenia i relacje z naszej dzia\u0142alno\u015bci zapraszamy na nasz\u0105 stron\u0119 na Facebooku<\/strong><\/p>\n<\/div>\n\n\n\n<div class=\"wp-block-column is-layout-flow wp-block-column-is-layout-flow\" style=\"flex-basis:50%\">\n<iframe loading=\"lazy\" src=\"https:\/\/www.facebook.com\/plugins\/page.php?href=https%3A%2F%2Fwww.facebook.com%2Fp%2FStowarzyszenie-Na-Rzecz-Os%25C3%25B3b-Niepe%25C5%2582nosprawnych-Rado%25C5%259B%25C4%2587-%25C5%25BBycia-100064510639474&#038;tabs=timeline&#038;width=500&#038;height=700&#038;small_header=false&#038;adapt_container_width=false&#038;hide_cover=false&#038;show_facepile=false&#038;appId\" width=\"500\" height=\"700\" style=\"border:none;overflow:hidden\" scrolling=\"no\" frameborder=\"0\" allowfullscreen=\"true\" allow=\"autoplay; clipboard-write; encrypted-media; picture-in-picture; web-share\"><\/iframe>\n<\/div>\n<\/div>\n\n\n\n<div class=\"wp-block-columns are-vertically-aligned-center is-layout-flex wp-container-core-columns-is-layout-28f84493 wp-block-columns-is-layout-flex\">\n<div class=\"wp-block-column is-vertically-aligned-center is-layout-flow wp-block-column-is-layout-flow\" style=\"flex-basis:100%\">\n<div class=\"wp-block-group alignwide is-layout-constrained wp-block-group-is-layout-constrained\">\n<div class=\"wp-block-stackable-posts stk-block-posts stk-block stk-b6d661b is-style-default\" data-v=\"2\" data-block-id=\"b6d661b\"><style>.stk-b6d661b .stk-img-wrapper{width:100% !important}<\/style><div class=\"stk-inner-blocks stk-content-align stk-b6d661b-column\"><div class=\"stk-block-posts__items\"><div class=\"stk-block-posts__item\"><div class=\"stk-container stk-b6d661b-container stk--no-background stk--no-padding\"><article><h3 class=\"stk-block-posts__title\"><a href='https:\/\/www.stow-wtz.pl\/?p=1096'>Program Erasmus + w sektorze Edukacja Doros\u0142ych obowi\u0105zuj\u0105cy od 01.02.2024 do 31.12.2027 roku<\/a><\/h3><div class=\"stk-block-posts__excerpt\"><p>Projekt wsp\u00f3\u0142finansowany przez Uni\u0119 Europejsk\u0105 w ramach programu \u201cERASMUS +\u201d Numer akredytacji: 2023-1-PL01-KA120-ADU-000188059 &nbsp;&nbsp;&nbsp; Erasmus+ 2024-1-PL01-KA121-ADU-000225455 Stowarzyszenie uzyska\u0142o w tym roku akredytacj\u0119 w programie Erasmus + w sektorze Edukacja Doros\u0142ych obowi\u0105zuj\u0105c\u0105 od 01.02.2024 do 31.12.2027 roku i od tego te\u017c roku realizuje projekt 2024-1-PL01-KA121-ADU-000225455 Cele akredytacji i projektu zgodne z Planem Erasmusa: Podniesienie kompetencji kluczowych&hellip;<\/p>\n<\/div><a class=\"stk-block-posts__readmore\" href=\"https:\/\/www.stow-wtz.pl\/?p=1096\">Czytaj Wi\u0119cej<\/a><\/article><\/div><\/div><div class=\"stk-block-posts__item\"><div class=\"stk-container stk-b6d661b-container stk--no-background stk--no-padding\"><article><h3 class=\"stk-block-posts__title\"><a href='https:\/\/www.stow-wtz.pl\/?p=830'>Informacja o wyborze najkorzystniejszej oferty<\/a><\/h3><div class=\"stk-block-posts__excerpt\"><p>Informacja o wyborze najkorzystniejszej oferty &#8211; Dostawa fabrycznie nowego 9-osobowego samochodu z mo\u017cliwo\u015bci\u0105 przewozu jednej osoby na w\u00f3zku inwalidzkim Informacja-o-wyborze-najkorzystniejszej-ofertyPobierz<\/p>\n<\/div><a class=\"stk-block-posts__readmore\" href=\"https:\/\/www.stow-wtz.pl\/?p=830\">Czytaj Wi\u0119cej<\/a><\/article><\/div><\/div><div class=\"stk-block-posts__item\"><div class=\"stk-container stk-b6d661b-container stk--no-background stk--no-padding\"><article><h3 class=\"stk-block-posts__title\"><a href='https:\/\/www.stow-wtz.pl\/?p=803'>Dostawa fabrycznie nowego 9-osobowego samochodu z mo\u017cliwo\u015bci\u0105 przewozu jednej osoby na w\u00f3zku inwalidzkim<\/a><\/h3><div class=\"stk-block-posts__excerpt\"><p>Stowarzyszenie prowadzi post\u0119powanie przetargowe zm\u00f3wienia publicznego na podstawie art. 275 pkt 1 ustawy z dnia 11 wrze\u015bnia 2019 r. Prawo zam\u00f3wie\u0144 publicznych (Dz. U. z 2022 r., poz. 1710 z p\u00f3\u017an. zm.) pn.: \u201eDostawa fabrycznie nowego 9-osobowego samochodu z mo\u017cliwo\u015bci\u0105 przewozu jednej osoby na w\u00f3zku inwalidzkim\u201d Zam\u00f3wienie jest realizowane w ramach projektu\u00a0 \u201eSamoch\u00f3d dla WTZ&#8221;&hellip;<\/p>\n<\/div><a class=\"stk-block-posts__readmore\" href=\"https:\/\/www.stow-wtz.pl\/?p=803\">Czytaj Wi\u0119cej<\/a><\/article><\/div><\/div><\/div><div class=\"stk-inner-blocks\"><\/div><\/div><\/div>\n<\/div>\n<\/div>\n<\/div>\n","protected":false},"excerpt":{"rendered":"<p>Po aktualne wydarzenia i relacje z naszej dzia\u0142alno\u015bci zapraszamy na nasz\u0105 stron\u0119 na Facebooku Program Erasmus + w sektorze Edukacja Doros\u0142ych obowi\u0105zuj\u0105cy od 01.02.2024 do 31.12.2027 roku Projekt wsp\u00f3\u0142finansowany przez Uni\u0119 Europejsk\u0105 w ramach programu \u201cERASMUS +\u201d Numer akredytacji: 2023-1-PL01-KA120-ADU-000188059 &nbsp;&nbsp;&nbsp; Erasmus+ 2024-1-PL01-KA121-ADU-000225455 Stowarzyszenie uzyska\u0142o w tym roku akredytacj\u0119 w programie Erasmus + w sektorze [&hellip;]<\/p>\n","protected":false},"author":1,"featured_media":0,"parent":0,"menu_order":0,"comment_status":"closed","ping_status":"closed","template":"","meta":{"footnotes":""},"class_list":["post-620","page","type-page","status-publish","hentry"],"blocksy_meta":{"disable_featured_image":"no"},"_links":{"self":[{"href":"https:\/\/www.stow-wtz.pl\/index.php?rest_route=\/wp\/v2\/pages\/620","targetHints":{"allow":["GET"]}}],"collection":[{"href":"https:\/\/www.stow-wtz.pl\/index.php?rest_route=\/wp\/v2\/pages"}],"about":[{"href":"https:\/\/www.stow-wtz.pl\/index.php?rest_route=\/wp\/v2\/types\/page"}],"author":[{"embeddable":true,"href":"https:\/\/www.stow-wtz.pl\/index.php?rest_route=\/wp\/v2\/users\/1"}],"replies":[{"embeddable":true,"href":"https:\/\/www.stow-wtz.pl\/index.php?rest_route=%2Fwp%2Fv2%2Fcomments&post=620"}],"version-history":[{"count":18,"href":"https:\/\/www.stow-wtz.pl\/index.php?rest_route=\/wp\/v2\/pages\/620\/revisions"}],"predecessor-version":[{"id":1029,"href":"https:\/\/www.stow-wtz.pl\/index.php?rest_route=\/wp\/v2\/pages\/620\/revisions\/1029"}],"wp:attachment":[{"href":"https:\/\/www.stow-wtz.pl\/index.php?rest_route=%2Fwp%2Fv2%2Fmedia&parent=620"}],"curies":[{"name":"wp","href":"https:\/\/api.w.org\/{rel}","templated":true}]}}